{"id":3,"date":"2018-09-21T04:55:46","date_gmt":"2018-09-21T02:55:46","guid":{"rendered":"https:\/\/gracielagonzalezdelafuente.de\/\/?page_id=3"},"modified":"2021-03-13T00:48:25","modified_gmt":"2021-03-12T23:48:25","slug":"datenschutz","status":"publish","type":"page","link":"https:\/\/gracielagonzalezdelafuente.de\/en\/datenschutz\/","title":{"rendered":"Privacy Policy"},"content":{"rendered":"<p>Wir nehmen den Schutz Ihrer pers\u00f6nlichen Daten sehr ernst und behandeln Ihre personenbezogenen Daten vertraulich und entsprechend der gesetzlichen Datenschutzvorschriften der EU Datenschutz-Grundverordnung (DS-GVO) und dem Bundesdatenschutzgesetz (BDSG) sowie dieser Datenschutzerkl\u00e4rung.<\/p>\n<p><strong>Mit den nachfolgenden Informationen geben wir Ihnen einen \u00dcberblick \u00fcber die Verarbeitung Ihrer personenbezogenen Daten durch uns und Ihre Rechte.<\/strong><\/p>\n<a href=\"#\" class=\"_brlbs-btn-cookie-preference borlabs-cookie-preference\">Pers\u00f6nliche Datenschutzeinstellungen f\u00fcr diese Seite \u00e4ndern<\/a>\n<p>&nbsp;<\/p>\n<h3>1. Wer ist f\u00fcr die Datenverarbeitung verantwortlich und an wen kann ich mich wenden?<\/h3>\n<p>&nbsp;<\/p>\n<h4>Verantwortliche Stelle ist:<\/h4>\n<div>Graciela Gonzalez de la Fuente<\/div>\n<div>K\u00f6penicker Str. 8<\/div>\n<div>10997 Berlin<\/div>\n<div><a href=\"mailto:graciela@ggdlf.de\">graciela@ggdlf.de<\/a><\/div>\n<p>&nbsp;<\/p>\n<h3>2. F\u00fcr wen gilt diese Datenschutzerkl\u00e4rung?<\/h3>\n<p>Diese Datenschutzerkl\u00e4rung gilt f\u00fcr alle Besucher unserer Webseite.<\/p>\n<p>&nbsp;<\/p>\n<h3>3. Welche Daten nutzen wir?<\/h3>\n<p>Sie k\u00f6nnen unsere Webseiten grunds\u00e4tzlich besuchen, ohne uns Ihre Identit\u00e4t mitzuteilen, es sei denn, dass Sie uns eine Nachricht per E-Mail senden. Dabei verarbeiten wir nur die Daten, die f\u00fcr die Beantwortung Ihrer Anfrage erforderlich sind.<\/p>\n<p>&nbsp;<\/p>\n<h3>4. F\u00fcr welche Zwecke und auf welcher Rechtsgrundlage nutzen wir Ihre Daten?<\/h3>\n<p>Wir verarbeiten Ihre personenbezogenen Daten im Einklang mit den Bestimmungen der Datenschutz-Grundverordnung (DS-GVO) und des Bundesdatenschutzgesetzes (BDSG).<\/p>\n<p>&nbsp;<\/p>\n<h4>a) Zur Erf\u00fcllung von vertraglichen Pflichten (Art. 6 Abs.1b DS-GVO)<\/h4>\n<p>Die Verarbeitung personenbezogener Daten erfolgt zur Erbringung eines Vertrages, sowie zur Durchf\u00fchrung vorvertraglicher Ma\u00dfnahmen, die auf Ihre Anfrage hin erfolgen.<\/p>\n<ul>\n<li>Beantwortung Ihrer Anfrage, soweit damit vertragliche oder vorvertragliche Ma\u00dfnahmen verbunden sind.<\/li>\n<\/ul>\n<p>&nbsp;<\/p>\n<h4>b) Im Rahmen der Interessenabw\u00e4gung (Art. 6 Abs. 1f DS-GVO)<\/h4>\n<p>Soweit erforderlich, verarbeiten wir Ihre Daten \u00fcber die eigentliche Erf\u00fcllung des Vertrages hinaus zur Wahrung berechtigter Interessen von uns oder Dritten.<\/p>\n<ul>\n<li>Geltendmachung rechtlicher Anspr\u00fcche und Verteidigung bei rechtlichen Streitigkeiten<\/li>\n<li>Gew\u00e4hrleistung der IT-Sicherheit<\/li>\n<li>Beantwortung Ihrer Anfrage<\/li>\n<\/ul>\n<p>&nbsp;<\/p>\n<h4>c) Aufgrund Ihrer Einwilligung (Art. 6 Abs. 1a DS-GVO)<\/h4>\n<p>Soweit Sie uns eine Einwilligung zur Verarbeitung von personenbezogenen Daten f\u00fcr bestimmte Zwecke erteilt haben, ist die Rechtm\u00e4\u00dfigkeit dieser Verarbeitung auf Basis Ihrer Einwilligung gegeben. Eine erteilte Einwilligung kann jederzeit widerrufen werden. Bitte beachten Sie, dass der Widerruf erst f\u00fcr die Zukunft wirkt. Verarbeitungen, die vor dem Widerruf erfolgt sind, sind davon nicht betroffen.<\/p>\n<p>&nbsp;<\/p>\n<h4>d) Aufgrund gesetzlicher Vorgaben (Art. 6 Abs.1c DSGVO) oder im \u00f6ffentlichen Interesse (Art. 6 Abs.1e DSGVO)<\/h4>\n<p>Zudem unterliegen wir diversen rechtlichen Verpflichtungen, wie beispielsweise zur Aufbewahrung des Schriftverkehrs.<\/p>\n<p>&nbsp;<\/p>\n<h3>5. Wer bekommt meine Daten?<\/h3>\n<p>Es erhalten diejenigen Stellen Zugriff auf Ihre Daten, die diese zur Erf\u00fcllung unserer vertraglichen und gesetzlichen Pflichten oder im Rahmen der Interessenabw\u00e4gung ben\u00f6tigen. Auch von uns eingesetzte Dienstleister und Erf\u00fcllungsgehilfen k\u00f6nnen zu diesen Zwecken Daten erhalten, wenn diese die Vertraulichkeit und unsere datenschutzrechtlichen Weisungen wahren. Eine Weitergabe an Dritte erfolgt ausschlie\u00dflich im Rahmen der Regelungen der DS-GVO und dem BDSG.<\/p>\n<p>&nbsp;<\/p>\n<h3>6. Werden Daten in ein Drittland \u00fcbermittelt?<\/h3>\n<p>Eine Daten\u00fcbermittlung in L\u00e4nder au\u00dferhalb der EU bzw. des EWR (sogenannte Drittstaaten) findet nicht statt.<\/p>\n<p>&nbsp;<\/p>\n<h3>7. Wie lange werden meine Daten gespeichert?<\/h3>\n<p>Wir verarbeiten und speichern Ihre personenbezogenen Daten solange es f\u00fcr die Erf\u00fcllung unserer vertraglichen und gesetzlichen Pflichten oder im Rahmen der Interessenabw\u00e4gung erforderlich ist. Sind die Daten f\u00fcr die Erf\u00fcllung dieser Zwecke nicht mehr erforderlich, werden diese regelm\u00e4\u00dfig gel\u00f6scht, es sei denn, deren &#8211; befristete &#8211; Weiterverarbeitung ist zur Erf\u00fcllung handels- und steuerrechtlicher Aufbewahrungsfristen erforderlich. Die dort vorgegebenen Fristen zur Aufbewahrung bzw. Dokumentation betragen sechs bis zehn Jahre.<\/p>\n<p>&nbsp;<\/p>\n<h3>8. Welche Datenschutzrechte habe ich?<\/h3>\n<p>Sie haben das Recht auf Auskunft nach Artikel 15 DS-GVO, das Recht auf Berichtigung nach Artikel 16 DS-GVO, das Recht auf L\u00f6schung nach Artikel 17 DS-GVO, das Recht auf Einschr\u00e4nkung der Verarbeitung nach Artikel 18 DS-GVO, das Recht auf Widerspruch aus Artikel 21 DS-GVO sowie das Recht auf Daten\u00fcbertragbarkeit aus Artikel 20 DS-GVO. Dar\u00fcber hinaus besteht ein Beschwerderecht bei einer Datenschutzaufsichtsbeh\u00f6rde (Artikel 77 DS-GVO i.V.m. \u00a7 19 BDSG).<\/p>\n<p>Eine Liste der Aufsichtsbeh\u00f6rden sowie deren Kontaktdaten k\u00f6nnen folgendem Link entnommen werden: <a href=\"https:\/\/www.bfdi.bund.de\/DE\/Infothek\/Anschriften_Links\/anschriften_links-node.html\">https:\/\/www.bfdi.bund.de\/DE\/Infothek\/Anschriften_Links\/anschriften_links-node.html<\/a><\/p>\n<p>Eine erteilte Einwilligung in die Verarbeitung personenbezogener Daten k\u00f6nnen Sie jederzeit uns gegen\u00fcber widerrufen. Bitte beachten Sie, dass der Widerruf erst f\u00fcr die Zukunft wirkt. Verarbeitungen, die vor dem Widerruf erfolgt sind, sind davon nicht betroffen.<\/p>\n<p>F\u00fcr die Aus\u00fcbung Ihrer Rechte nutzen Sie bitte den o. g. Kontakt zu unserem Datenschutzbeauftragten.<\/p>\n<p>&nbsp;<\/p>\n<h3>9. Gibt es eine Pflicht zur Bereitstellung von Daten?<\/h3>\n<p>Eine Pflicht zur Bereitstellung von Daten gibt es nicht.<\/p>\n<p>&nbsp;<\/p>\n<h3>10. Gibt es eine automatisierte Entscheidungsfindung einschlie\u00dflich Profiling?<\/h3>\n<p>Wir nutzen grunds\u00e4tzlich keine vollautomatisierte Entscheidungsfindung einschlie\u00dflich Profiling gem\u00e4\u00df Artikel 22 DS-GVO.<\/p>\n<p>&nbsp;<\/p>\n<h3>11. Information \u00fcber Ihr Widerspruchsrecht nach Artikel 21 DS-GVO<\/h3>\n<p>&nbsp;<\/p>\n<h4>a) Einzelfallbezogenes Widerspruchsrecht<\/h4>\n<p>Sie haben das Recht, aus Gr\u00fcnden, die sich aus Ihrer besonderen Situation ergeben, gegen die Verarbeitung Ihrer personenbezogenen Daten Widerspruch einzulegen. Voraussetzung hierf\u00fcr ist, dass die Datenverarbeitung im \u00f6ffentlichen Interesse oder auf der Grundlage einer Interessenabw\u00e4gung erfolgt. Im Falle eines Widerspruchs werden wir Ihre personenbezogenen Daten nicht mehr verarbeiten, es sei denn, wir k\u00f6nnen zwingende schutzw\u00fcrdige Gr\u00fcnde f\u00fcr die Verarbeitung dieser Daten nachweisen, die Ihren Interessen, Rechten und Freiheiten \u00fcberwiegen. Oder Ihre personenbezogenen Daten dienen der Geltendmachung, Aus\u00fcbung oder Verteidigung von Rechtsanspr\u00fcchen.<\/p>\n<p>&nbsp;<\/p>\n<h3>12. Welche Daten werden bei der Nutzung der Webseite verarbeitet?<\/h3>\n<p>&nbsp;<\/p>\n<h4>a) Server und nutzungsbezogene Daten<\/h4>\n<p><a name=\"_GoBack\"><\/a>Durch den Aufruf unserer Webseiten erhalten wir bzw. der Hosting-Provider nicht personalisierte Nutzungsdaten. Dazu geh\u00f6ren Angaben wie z.B. zur Bildschirmaufl\u00f6sung, zur Browserversion, zum Betriebssystem, zur Sprache, zur Herkunft nach Land\/Region und zu Suchmaschinen. Eine Weitergabe an Dritte und eine nutzerbezogene Auswertung findet nicht statt. Des Weiteren speichert unser Hosting-Provider standardm\u00e4\u00dfig f\u00fcr einen kurzen Zeitraum von wenigen Tagen die Verbindungsdaten zu unserer Webseite (IP-Adressen) f\u00fcr die Gew\u00e4hrleistung der IT-Sicherheit.<\/p>\n<p>&nbsp;<\/p>\n<h4>b) Tracking und Analyse<\/h4>\n<p>Derzeit nutzen wir keine Tracking- oder Analysetools, wie Matomo oder Google Analytics, zur Nutzungsauswertung der Webseite oder derartiger Datenspeicherung.<\/p>\n<p>&nbsp;<\/p>\n<h4>c) Einsatz von Cookies<\/h4>\n<p>Beim Aufruf einzelner Seiten werden so genannte Session Cookies verwendet, um die Navigation zu erleichtern. Diese Cookies verfallen nach Ablauf der Sitzung und beinhalten keine personenbezogenen Daten, d.h. die Inhalte der Cookies werden nicht nutzerbezogen ausgewertet. Sie k\u00f6nnen Ihren Browser so einstellen, dass Sie Cookies nur im Einzelfall oder gar nicht erlauben.<\/p>\n<p>&nbsp;<\/p>\n<h3>13. Welche Plugins, Tools oder externe eingebundene Dienste sind auf der Webseite im Einsatz?<\/h3>\n<p>&nbsp;<\/p>\n<h4>a) YouTube<\/h4>\n<p>Unsere Website nutzt Plugins der von Google betriebenen Seite YouTube. Betreiber der Seiten ist die YouTube, LLC, 901 Cherry Ave., San Bruno, CA 94066, USA. Wenn Sie eine unserer mit einem YouTube-Plugin ausgestatteten Seiten besuchen, wird eine Verbindung zu den Servern von YouTube erst dann hergestellt, wenn Sie selbst auf diesen link klicken. Dabei wird dem YouTube-Server mitgeteilt, welche unserer Seiten Sie besucht haben. Wenn Sie in Ihrem YouTube-Account eingeloggt sind, erm\u00f6glichen Sie YouTube, Ihr Surfverhalten direkt Ihrem pers\u00f6nlichen Profil zuzuordnen. Dies k\u00f6nnen Sie verhindern, indem Sie sich aus Ihrem YouTube-Account ausloggen. Weitere Informationen zum Umgang mit Nutzerdaten finden Sie in der Datenschutzerkl\u00e4rung von YouTube unter: <a href=\"https:\/\/www.google.de\/intl\/de\/policies\/privacy\">https:\/\/www.google.de\/intl\/de\/policies\/privacy<\/a><\/p>\n<p>&nbsp;<\/p>\n<h3>14. Links zu Webseiten anderer Anbieter<\/h3>\n<p>Unsere Website kann zur Informationserweiterung Links zu Internetseiten von anderen Anbietern enthalten, bei denen wir keinen Einfluss auf die Einhaltung der Datenschutz- und Sicherheitsbestimmungen haben. Unsere Datenschutzerkl\u00e4rung erstreckt sich daher nicht auf diese Websites.<\/p>\n<p>&nbsp;<\/p>\n<p><em><strong>Stand: Februar 2021<\/strong><\/em><\/p>\n","protected":false},"excerpt":{"rendered":"<p>Wir nehmen den Schutz Ihrer pers\u00f6nlichen Daten sehr ernst und behandeln Ihre personenbezogenen Daten vertraulich und entsprechend der gesetzlichen Datenschutzvorschriften der EU Datenschutz-Grundverordnung (DS-GVO) und dem Bundesdatenschutzgesetz (BDSG) sowie dieser &#8230;<\/p>\n","protected":false},"author":8,"featured_media":0,"parent":0,"menu_order":0,"comment_status":"closed","ping_status":"closed","template":"","meta":{"footnotes":""},"_links":{"self":[{"href":"https:\/\/gracielagonzalezdelafuente.de\/en\/wp-json\/wp\/v2\/pages\/3"}],"collection":[{"href":"https:\/\/gracielagonzalezdelafuente.de\/en\/wp-json\/wp\/v2\/pages"}],"about":[{"href":"https:\/\/gracielagonzalezdelafuente.de\/en\/wp-json\/wp\/v2\/types\/page"}],"author":[{"embeddable":true,"href":"https:\/\/gracielagonzalezdelafuente.de\/en\/wp-json\/wp\/v2\/users\/8"}],"replies":[{"embeddable":true,"href":"https:\/\/gracielagonzalezdelafuente.de\/en\/wp-json\/wp\/v2\/comments?post=3"}],"version-history":[{"count":28,"href":"https:\/\/gracielagonzalezdelafuente.de\/en\/wp-json\/wp\/v2\/pages\/3\/revisions"}],"predecessor-version":[{"id":5445,"href":"https:\/\/gracielagonzalezdelafuente.de\/en\/wp-json\/wp\/v2\/pages\/3\/revisions\/5445"}],"wp:attachment":[{"href":"https:\/\/gracielagonzalezdelafuente.de\/en\/wp-json\/wp\/v2\/media?parent=3"}],"curies":[{"name":"wp","href":"https:\/\/api.w.org\/{rel}","templated":true}]}}